{"id":88,"date":"2016-05-10T21:18:46","date_gmt":"2016-05-10T19:18:46","guid":{"rendered":"http:\/\/brfstrandgarden.se\/?page_id=88"},"modified":"2026-01-15T21:37:40","modified_gmt":"2026-01-15T20:37:40","slug":"kontakta-oss","status":"publish","type":"page","link":"https:\/\/brfstrandgarden.se\/?page_id=88","title":{"rendered":"Kontakt"},"content":{"rendered":"<h3><strong>Kontakt<\/strong><\/h3>\n<p>Fastigheten har adress Birger Jarlsgatan 28 A, B, C 216 12 Limhamn<\/p>\n<p>F\u00f6reningens adress \u00e4r Brf Strandg\u00e5rden, Birger Jarlsgatan 28 B, 216 12 Limhamn<\/p>\n<p>Styrelsen n\u00e5r du p\u00e5 den gemensamma email-adressen:<strong><br \/>\n<\/strong><a href=\"mailto:kontakta@brfstrandgarden.se\">kontakta@brfstrandgarden.se<\/a><\/p>\n<p>V\u00e4lkommen att h\u00f6ra av dig med fr\u00e5gor eller f\u00f6rslag!<\/p>\n<p>H\u00e4lsningar,<\/p>\n<p>Styrelsen<\/p>\n","protected":false},"excerpt":{"rendered":"<p>Kontakt Fastigheten har adress Birger Jarlsgatan 28 A, B, C 216 12 Limhamn F\u00f6reningens adress \u00e4r Brf Strandg\u00e5rden, Birger Jarlsgatan 28 B, 216 12 Limhamn Styrelsen n\u00e5r du p\u00e5 den gemensamma email-adressen: kontakta@brfstrandgarden.se V\u00e4lkommen att h\u00f6ra av dig med fr\u00e5gor eller f\u00f6rslag! H\u00e4lsningar, Styrelsen<\/p>\n","protected":false},"author":1,"featured_media":0,"parent":0,"menu_order":0,"comment_status":"closed","ping_status":"closed","template":"","meta":[],"_links":{"self":[{"href":"https:\/\/brfstrandgarden.se\/index.php?rest_route=\/wp\/v2\/pages\/88"}],"collection":[{"href":"https:\/\/brfstrandgarden.se\/index.php?rest_route=\/wp\/v2\/pages"}],"about":[{"href":"https:\/\/brfstrandgarden.se\/index.php?rest_route=\/wp\/v2\/types\/page"}],"author":[{"embeddable":true,"href":"https:\/\/brfstrandgarden.se\/index.php?rest_route=\/wp\/v2\/users\/1"}],"replies":[{"embeddable":true,"href":"https:\/\/brfstrandgarden.se\/index.php?rest_route=%2Fwp%2Fv2%2Fcomments&post=88"}],"version-history":[{"count":5,"href":"https:\/\/brfstrandgarden.se\/index.php?rest_route=\/wp\/v2\/pages\/88\/revisions"}],"predecessor-version":[{"id":306,"href":"https:\/\/brfstrandgarden.se\/index.php?rest_route=\/wp\/v2\/pages\/88\/revisions\/306"}],"wp:attachment":[{"href":"https:\/\/brfstrandgarden.se\/index.php?rest_route=%2Fwp%2Fv2%2Fmedia&parent=88"}],"curies":[{"name":"wp","href":"https:\/\/api.w.org\/{rel}","templated":true}]}}