{"id":13,"date":"2016-02-21T19:23:22","date_gmt":"2016-02-21T18:23:22","guid":{"rendered":"http:\/\/brfstrandgarden.se\/?page_id=13"},"modified":"2026-01-15T22:02:08","modified_gmt":"2026-01-15T21:02:08","slug":"maklarinformation","status":"publish","type":"page","link":"https:\/\/brfstrandgarden.se\/?page_id=13","title":{"rendered":"Om Brf Strandg\u00e5rden"},"content":{"rendered":"<div class=\"entry-content\">\n<h3><strong>En pigg 40-talist<\/strong><\/h3>\n<p>Strandg\u00e5rdens bostadsr\u00e4ttsf\u00f6rening bildades redan \u00e5r 1945, samma \u00e5r som huset byggdes och best\u00e5r av ett bostadshus i tre v\u00e5ningar med en vacker innerg\u00e5rd gr\u00e4nsande till tv\u00e5 andra f\u00f6reningar. V\u00e5r och sommar prunkar rabatterna av v\u00e4ldoftande rosor och lavendel.<\/p>\n<p>Omr\u00e5det \u00e4r avskilt och fridfullt samtidigt som det \u00e4r n\u00e4ra till b\u00e5de Sibbarps m\u00e5nga badplatser, kallbadhus och sm\u00e5b\u00e5tshamnen med bland annat glassmejeri och Fisk r\u00f6keriet \u2013 allt p\u00e5 promenadavst\u00e5nd. I Limhamns centrum bjuds ett aktivt n\u00e4ringsliv med caf\u00e9er, sm\u00e5 trevliga butiker och restauranger. H\u00e4r finns apotek, v\u00e5rdcentraler och flertalet matvarubutiker. F\u00f6r den som l\u00e4ngtar efter natur \u00e4r det gamla kalkbrottet, brof\u00e4stet, fiskehamnen och Lernacken n\u00e5gra av m\u00e5nga tips!<\/p>\n<p>Du n\u00e5r p\u00e5 ett par minuter h\u00e5llplatser f\u00f6r busslinjerna 4, 7, 9, 12 och 14 vid Limhamns Centrum, Valborgsgatan, Gamla gatan och Limhamns Torg.<\/p>\n<h3><strong>Styrelsen<\/strong><\/h3>\n<p>Styrelsen \u00e4r k\u00e4rnan i\u00a0 bostadsr\u00e4ttsf\u00f6reningen. Den tr\u00e4ffas varje m\u00e5nad f\u00f6r m\u00f6ten och ut\u00f6ver det p\u00e5 ett antal planeringsdagar om \u00e5ret. \u00c5rsst\u00e4mma h\u00e5lls p\u00e5 v\u00e5rkanten varje \u00e5r d\u00e4r alla Brf Strandg\u00e5rdens medlemmar uppmuntras att delta. \u00c4r du intresserad av styrelsearbete kan du kontakta valberedningen eller n\u00e5gon i styrelsen. Det \u00e4r du tillsammans med \u00f6vriga medlemmar som p\u00e5 \u00e5rsst\u00e4mman v\u00e4ljer vem som ska f\u00e5 f\u00f6rtroendet att vara med i styrelsen. \u00c4ven du f\u00e5r en f\u00f6rfr\u00e5gan av v\u00e5r valberedning om intresse att vara med. Styrelsen v\u00e4lkomnar ett aktivt engagemang!<\/p>\n<\/div>\n","protected":false},"excerpt":{"rendered":"<p>En pigg 40-talist Strandg\u00e5rdens bostadsr\u00e4ttsf\u00f6rening bildades redan \u00e5r 1945, samma \u00e5r som huset byggdes och best\u00e5r av ett bostadshus i tre v\u00e5ningar med en vacker innerg\u00e5rd gr\u00e4nsande till tv\u00e5 andra f\u00f6reningar. V\u00e5r och sommar prunkar rabatterna av v\u00e4ldoftande rosor och lavendel. Omr\u00e5det \u00e4r avskilt och fridfullt samtidigt som det \u00e4r n\u00e4ra till b\u00e5de Sibbarps m\u00e5nga &hellip; <a href=\"https:\/\/brfstrandgarden.se\/?page_id=13\" class=\"more-link\">Continue reading <span class=\"screen-reader-text\">Om Brf Strandg\u00e5rden<\/span><\/a><\/p>\n","protected":false},"author":1,"featured_media":0,"parent":0,"menu_order":0,"comment_status":"closed","ping_status":"closed","template":"","meta":[],"_links":{"self":[{"href":"https:\/\/brfstrandgarden.se\/index.php?rest_route=\/wp\/v2\/pages\/13"}],"collection":[{"href":"https:\/\/brfstrandgarden.se\/index.php?rest_route=\/wp\/v2\/pages"}],"about":[{"href":"https:\/\/brfstrandgarden.se\/index.php?rest_route=\/wp\/v2\/types\/page"}],"author":[{"embeddable":true,"href":"https:\/\/brfstrandgarden.se\/index.php?rest_route=\/wp\/v2\/users\/1"}],"replies":[{"embeddable":true,"href":"https:\/\/brfstrandgarden.se\/index.php?rest_route=%2Fwp%2Fv2%2Fcomments&post=13"}],"version-history":[{"count":42,"href":"https:\/\/brfstrandgarden.se\/index.php?rest_route=\/wp\/v2\/pages\/13\/revisions"}],"predecessor-version":[{"id":319,"href":"https:\/\/brfstrandgarden.se\/index.php?rest_route=\/wp\/v2\/pages\/13\/revisions\/319"}],"wp:attachment":[{"href":"https:\/\/brfstrandgarden.se\/index.php?rest_route=%2Fwp%2Fv2%2Fmedia&parent=13"}],"curies":[{"name":"wp","href":"https:\/\/api.w.org\/{rel}","templated":true}]}}